{"id":48,"date":"2020-06-02T15:13:44","date_gmt":"2020-06-02T20:13:44","guid":{"rendered":"http:\/\/proxy.acupajoe.io:8080\/?page_id=48"},"modified":"2025-10-17T07:59:56","modified_gmt":"2025-10-17T12:59:56","slug":"home","status":"publish","type":"page","link":"https:\/\/stbede.org\/es\/","title":{"rendered":"Home"},"content":{"rendered":"<div class=\"alignnormal\"><div id=\"metaslider-id-5\" style=\"width: 100%;\" class=\"ml-slider-3-97-0 metaslider metaslider-responsive metaslider-5 ml-slider ms-theme-outline has-dots-nav\" role=\"region\" aria-roledescription=\"Slideshow\" aria-label=\"New Slideshow\" data-width=\"1920\">\n    <div id=\"metaslider_container_5\">\n        <ul id='metaslider_5' class='rslides'>\n            <li aria-roledescription='slide' aria-labelledby='slide-0'><img loading=\"lazy\" decoding=\"async\" src=\"https:\/\/stbede.org\/wp-content\/uploads\/2020\/06\/church-outside-with-sign.jpg\" height=\"1080\" width=\"1920\" alt=\"\" class=\"slider-5 slide-714\" title=\"church-outside-with-sign\" \/><\/li>\n            <li style='display: none;' aria-roledescription='slide' aria-labelledby='slide-1'><img loading=\"lazy\" decoding=\"async\" src=\"https:\/\/stbede.org\/wp-content\/uploads\/2025\/04\/38296812-900x506.png\" height=\"1080\" width=\"1920\" alt=\"\" class=\"slider-5 slide-715\" title=\"38296812\" \/><\/li>\n            <li style='display: none;' aria-roledescription='slide' aria-labelledby='slide-2'><img loading=\"lazy\" decoding=\"async\" src=\"https:\/\/stbede.org\/wp-content\/uploads\/2020\/06\/church.jpg\" height=\"1080\" width=\"1920\" alt=\"\" class=\"slider-5 slide-716\" title=\"church\" \/><\/li>\n            <li style='display: none;' aria-roledescription='slide' aria-labelledby='slide-3'><img loading=\"lazy\" decoding=\"async\" src=\"https:\/\/stbede.org\/wp-content\/uploads\/2020\/06\/mary.jpg\" height=\"1080\" width=\"1920\" alt=\"\" class=\"slider-5 slide-717\" title=\"mary\" \/><\/li>\n        <\/ul>\n        \n    <\/div>\n<\/div><\/div>\n\n\n\n<h1 class=\"wp-block-heading\" id=\"welcome-to-st-bede-catholic-church\">Welcome to St. Bede Catholic Church<\/h1>\n\n\n\n<div class=\"wp-block-group alignwide\"><div class=\"wp-block-group__inner-container is-layout-flow wp-block-group-is-layout-flow\">\n<div class=\"wp-block-columns is-layout-flex wp-container-core-columns-is-layout-9d6595d7 wp-block-columns-is-layout-flex\">\n<div class=\"wp-block-column has-quinary-background-color has-background is-layout-flow wp-block-column-is-layout-flow\">\n<h2 class=\"wp-block-heading alignwide\" id=\"mass-times\">Mass Times<\/h2>\n\n\n\n<p><strong>SATURDAY VIGIL<\/strong><br>5:00 PM<\/p>\n\n\n\n<p class=\"has-text-align-left\"><strong>SUNDAY<\/strong><br>8:00 AM<br>10:00 AM<br>12:30 PM <em>(Spanish)<\/em><br>5:00 PM<\/p>\n\n\n\n<p class=\"has-text-align-left\"><strong><strong>DAILY<\/strong><br><\/strong>6:30 AM (Mon &#8211; Fri)<br>8:30 AM (Mon, Wed, <strong>Fri*<\/strong> &amp; Sat)<\/p>\n\n\n\n<p class=\"has-text-align-left\"><strong>*There is no 8:30 am Mass on Friday when school is out&nbsp; <\/strong><\/p>\n<\/div>\n\n\n\n<div class=\"wp-block-column has-quinary-background-color has-background is-layout-flow wp-block-column-is-layout-flow\">\n<h2 class=\"wp-block-heading alignwide\" id=\"confession-times\">Confession Times<\/h2>\n\n\n\n<p><strong>SATURDAY<\/strong> (1 hr before Mass)<br>4:00 PM&nbsp;&#8211;&nbsp;4:45 PM<\/p>\n\n\n\n<p class=\"has-text-align-left\"><strong>SUNDAY<\/strong> (30 mins before Mass)<br>7:15 AM&nbsp;&#8211;&nbsp;7:45 AM<br>9:15 AM&nbsp;&#8211;&nbsp;9:45 AM<br>11:45 AM&nbsp;&#8211;&nbsp;12:15 PM<br>4:15 PM&nbsp;&#8211;&nbsp;4:45 PM<\/p>\n\n\n\n<p class=\"has-text-align-left\"><strong>DAILY&nbsp;<\/strong>(15 mins before Mass)<br>6:15 AM &#8211; 6:25 AM<br>8:15 AM &#8211; 8:25 AM (Mon, Wed, <strong>Fri*<\/strong> &amp; Sat)<\/p>\n<\/div>\n\n\n\n<div class=\"wp-block-column has-quinary-background-color has-background is-layout-flow wp-block-column-is-layout-flow\">\n<h2 class=\"wp-block-heading alignwide\" id=\"adoration-times\">Adoration Times<\/h2>\n\n\n\n<p class=\"has-text-align-left\"><strong>DAILY\u00a0<\/strong><br>4:00 PM &#8211; 6:00 PM (Tue &#8211; Thu)<br><a href=\"https:\/\/www.signupgenius.com\/index.cfm?go=s.signup&amp;urlid=10c0d45abaf2ba7fdc61-eucharistic2&amp;view=calendar\" target=\"_blank\" rel=\"noreferrer noopener\">Scroll down to sign up<\/a> for Adoration (Eucharistic Adoration 4)<\/p>\n<\/div>\n<\/div>\n<\/div><\/div>\n\n\n\n<h2 class=\"wp-block-heading has-text-align-left\" id=\"latest-news\">Latest News<\/h2>\n\n\n<ul class=\"wp-block-latest-posts__list has-dates alignleft no-padding wp-block-latest-posts\"><li><a class=\"wp-block-latest-posts__post-title\" href=\"https:\/\/stbede.org\/es\/2026\/01\/06\/jubilee-2033\/\">Jubilee 2033<\/a><time datetime=\"2026-01-06T16:03:25-06:00\" class=\"wp-block-latest-posts__post-date\">enero 6, 2026<\/time><div class=\"wp-block-latest-posts__post-full-content\"><!-- wp:image {\"id\":2330,\"sizeSlug\":\"large\",\"linkDestination\":\"none\"} -->\n<figure class=\"wp-block-image size-large\"><img loading=\"lazy\" decoding=\"async\" width=\"819\" height=\"1024\" src=\"https:\/\/stbede.org\/wp-content\/uploads\/2026\/01\/2033-819x1024.png\" alt=\"\" class=\"wp-image-2330\" srcset=\"https:\/\/stbede.org\/wp-content\/uploads\/2026\/01\/2033-819x1024.png 819w, https:\/\/stbede.org\/wp-content\/uploads\/2026\/01\/2033-240x300.png 240w, https:\/\/stbede.org\/wp-content\/uploads\/2026\/01\/2033-768x960.png 768w, https:\/\/stbede.org\/wp-content\/uploads\/2026\/01\/2033-1228x1536.png 1228w, https:\/\/stbede.org\/wp-content\/uploads\/2026\/01\/2033-10x12.png 10w, https:\/\/stbede.org\/wp-content\/uploads\/2026\/01\/2033.png 1350w\" sizes=\"auto, (max-width: 819px) 100vw, 819px\" \/><\/figure>\n<!-- \/wp:image --><\/div><\/li>\n<li><a class=\"wp-block-latest-posts__post-title\" href=\"https:\/\/stbede.org\/es\/2025\/06\/04\/eucharistic-adoration\/\">Eucharistic Adoration<\/a><time datetime=\"2025-06-04T08:44:52-05:00\" class=\"wp-block-latest-posts__post-date\">junio 4, 2025<\/time><div class=\"wp-block-latest-posts__post-full-content\"><!-- wp:image {\"lightbox\":{\"enabled\":false},\"id\":1068,\"width\":\"640px\",\"height\":\"360px\",\"linkDestination\":\"custom\"} -->\n<figure class=\"wp-block-image is-resized\"><a href=\"https:\/\/www.signupgenius.com\/go\/10C0D45ABAF2BA7FDC61-59310766-eucharistic#\/\"><img loading=\"lazy\" decoding=\"async\" width=\"1024\" height=\"576\" src=\"https:\/\/stbede.org\/wp-content\/uploads\/2020\/12\/SAM_6267-1024x576.jpg\" alt=\"\" class=\"wp-image-1068\" style=\"width:640px;height:360px\" srcset=\"https:\/\/stbede.org\/wp-content\/uploads\/2020\/12\/SAM_6267-1024x576.jpg 1024w, https:\/\/stbede.org\/wp-content\/uploads\/2020\/12\/SAM_6267-300x169.jpg 300w, https:\/\/stbede.org\/wp-content\/uploads\/2020\/12\/SAM_6267-768x432.jpg 768w, https:\/\/stbede.org\/wp-content\/uploads\/2020\/12\/SAM_6267-1536x864.jpg 1536w\" sizes=\"auto, (max-width: 1024px) 100vw, 1024px\" \/><\/a><figcaption class=\"wp-element-caption\">Tuesday &#8211; Thursday 4:00 pm &#8211; 6:00 pm<br>Adorers are needed every 30 minutes <br><strong><a href=\"https:\/\/www.signupgenius.com\/go\/10c0d45abaf2ba7fdc61-eucharistic1\" target=\"_blank\" rel=\"noreferrer noopener\">Eucharistic Adoration 2 Sign up<\/a><\/strong> (until July 2023)<br><strong><a href=\"https:\/\/www.signupgenius.com\/go\/10c0d45abaf2ba7fdc61-eucharistic2#\/\" target=\"_blank\" rel=\"noreferrer noopener\"><mark style=\"background-color:#ffffff\" class=\"has-inline-color has-primary-color\">Eucharistic Adoration 3 Sign Up<\/mark><\/a><\/strong><mark style=\"background-color:#ffffff\" class=\"has-inline-color has-quinary-color\"><\/mark>(until October 16, 2025)<br><strong><mark style=\"background-color:#ecb931\" class=\"has-inline-color\"><a href=\"https:\/\/www.signupgenius.com\/go\/10C0D45ABAF2BA7FDC61-59310766-eucharistic#\/\" target=\"_blank\" rel=\"noreferrer noopener\">Eucharistic Adora<\/a><a href=\"https:\/\/www.signupgenius.com\/go\/10C0D45ABAF2BA7FDC61-59310766-eucharistic\" target=\"_blank\" rel=\"noreferrer noopener\">tion 4 Sign Up<\/a><\/mark><\/strong><mark style=\"background-color:#ecb931\" class=\"has-inline-color\"><\/mark>(beginning October 21, 2025)<br><\/figcaption><\/figure>\n<!-- \/wp:image -->\n\n<!-- wp:buttons -->\n<div class=\"wp-block-buttons\"><!-- wp:button -->\n<div class=\"wp-block-button\"><a class=\"wp-block-button__link wp-element-button\"><\/a><\/div>\n<!-- \/wp:button --><\/div>\n<!-- \/wp:buttons -->\n\n<!-- wp:paragraph -->\n<p><\/p>\n<!-- \/wp:paragraph --><\/div><\/li>\n<li><a class=\"wp-block-latest-posts__post-title\" href=\"https:\/\/stbede.org\/es\/2023\/09\/27\/generations-of-faith-update\/\">Generations of Faith Update\/Actualizaci\u00f3n Generations of Faith<\/a><time datetime=\"2023-09-27T14:27:00-05:00\" class=\"wp-block-latest-posts__post-date\">septiembre 27, 2023<\/time><div class=\"wp-block-latest-posts__post-full-content\"><!-- wp:gallery {\"linkTo\":\"none\"} -->\n<figure class=\"wp-block-gallery has-nested-images columns-default is-cropped\"><!-- wp:image {\"id\":1991,\"sizeSlug\":\"large\",\"linkDestination\":\"none\"} -->\n<figure class=\"wp-block-image size-large\"><img loading=\"lazy\" decoding=\"async\" width=\"791\" height=\"1024\" src=\"https:\/\/stbede.org\/wp-content\/uploads\/2023\/09\/Flyer-for-Gen-of-Faith-8.31.23-edited-1-791x1024.jpg\" alt=\"\" class=\"wp-image-1991\" \/><\/figure>\n<!-- \/wp:image --><\/figure>\n<!-- \/wp:gallery -->\n\n<!-- wp:paragraph -->\n<p>Dear Parishioners,<\/p>\n<!-- \/wp:paragraph -->\n\n<!-- wp:paragraph -->\n<p>In 2019, before the CoViD Pandemic began, we completed our\u00a0<strong>Generations of Faith Campaign<\/strong>! It was a great accomplishment on the part of our Parish. St Bede the Venerable Parish pledged nearly double the $1.1 million dollar goal we were asked to achieve.\u00a0Since our pledges paid exceeded our goal, we are now receiving 80% of every gift paid towards our pledges beyond the goal.\u00a0During the Campaign we proposed to accomplish 6 projects with the funds that benefit the parish. Thus far, we have accomplished 5 of those six projects as depicted in the photo collage. What remains are new signs for the Church and entrance to the property at Perry Hill Rd. I would like to encourage you to please continue to fulfill your pledges! Many of you have already fulfilled your pledges! Thank you so, so much. I have not. It was a sacrifice for all of us to make a pledge to the Generations of Faith Campaign and, for me. It will take the full five years to fulfill my pledge. This is true for many of you as well. I am so grateful to all of you who made pledges of all amounts to\u00a0<strong>Generations of Faith<\/strong>.\u00a0I was the director of the\u00a0<strong>Seminarian Formation Endowment<\/strong>\u00a0and can report that it was nearing $7 million as of a few months ago and is already disbursing funds to help in the annual costs for seminarian education. Our youth group has received $6000 from the <strong>Youth Ministry Endowment.\u00a0<\/strong>As of August 2023, St. Bede Parish had redeemed $1.55 million dollars of pledges made or about 70% of total pledged! Thank you for your generosity. Let us finish the race well and fulfill the pledges we all made! May God be praised for your sacrificial support! May God continue to bless and protect us always and lead us to heaven!\u00a0<\/p>\n<!-- \/wp:paragraph -->\n\n<!-- wp:paragraph -->\n<p>Fr. Alejandro Valladares, Pastor \u00a0<\/p>\n<!-- \/wp:paragraph -->\n\n<!-- wp:paragraph -->\n<p>Estimados feligreses,<\/p>\n<!-- \/wp:paragraph -->\n\n<!-- wp:paragraph -->\n<p>\u00a1En 2019, antes de que comenzara la pandemia de CoViD, completamos nuestra Campa\u00f1a Generaciones de Fe! Fue un gran logro por parte de nuestra parroquia. La parroquia de \u00a0St. Bede el Venerable prometi\u00f3 casi el doble de la meta de $ 1.1 millones de d\u00f3lares que se nos pidi\u00f3 que logr\u00e1ramos.\u00a0Dado que nuestras promesas pagadas excedieron nuestra meta, ahora estamos recibiendo el 80% de cada regalo pagado para nuestras promesas m\u00e1s all\u00e1 de la meta.\u00a0Durante la Campa\u00f1a nos propusimos realizar 6 proyectos con los fondos que benefician a la parroquia. Hasta ahora hemos logrado 5 de los seis proyectos como se muestra en el collage de fotos. \u00a0Lo que falta son nuevos letreros para la Iglesia y la entrada a la propiedad en Perry Hill Rd. \u00a1Me gustar\u00eda animarlos a que contin\u00faen cumpliendo sus promesas! \u00a1Muchos de ustedes ya han cumplido sus promesas! Much\u00edsimas gracias. Yo no lo he hecho. Fue un sacrificio para todos nosotros hacer una promesa a la Campa\u00f1a Generaciones de Fe y, para m\u00ed, tomar\u00e1 los cinco a\u00f1os completos para cumplir mi promesa. Esto es cierto para muchos de ustedes tambi\u00e9n. Estoy muy agradecido con\u00a0 todos ustedes que hicieron promesas de todas las cantidades a <strong>Generaciones de Fe<\/strong>. Yo era el director de la <strong>Fundaci\u00f3n de Formaci\u00f3n de Seminaristas y <\/strong>puedo reportar que se acercaba a los $ 7 millones a partir de hace unos meses y ya est\u00e1 desembolsando fondos para ayudar en los costos anuales de la educaci\u00f3n de los seminaristas. Nuestro grupo de j\u00f3venes ha recibido $6000 de la Fundaci\u00f3n del <strong>Ministerio Juvenil. <\/strong>\u00a1A partir de agosto de 2023, la parroquia de St. Bede ha redimido $1.55 millones de d\u00f3lares de promesas hechas o aproximadamente el 70% del total prometido! Gracias por su generosidad. \u00a1Terminemos bien la carrera y cumplamos las promesas que todos hicimos! \u00a1Alabado sea Dios por su apoyo sacrificial! \u00a1Que Dios nos siga bendiciendo y protegiendo siempre y nos conduzca al cielo!\u00a0<\/p>\n<!-- \/wp:paragraph -->\n\n<!-- wp:paragraph -->\n<p>P. Alejandro Valladares, P\u00e1rroco<\/p>\n<!-- \/wp:paragraph --><\/div><\/li>\n<\/ul>","protected":false},"excerpt":{"rendered":"<p>Welcome to St. Bede Catholic Church Mass Times SATURDAY VIGIL5:00 PM SUNDAY8:00 AM10:00 AM12:30 PM (Spanish)5:00 PM DAILY6:30 AM (Mon&hellip;<\/p>","protected":false},"author":1,"featured_media":0,"parent":0,"menu_order":0,"comment_status":"closed","ping_status":"closed","template":"","meta":{"footnotes":""},"class_list":["post-48","page","type-page","status-publish","hentry"],"yoast_head":"<!-- This site is optimized with the Yoast SEO plugin v23.1 - https:\/\/yoast.com\/wordpress\/plugins\/seo\/ -->\n<title>Home - St. Bede the Venerable Catholic Church<\/title>\n<meta name=\"robots\" content=\"index, follow, max-snippet:-1, max-image-preview:large, max-video-preview:-1\" \/>\n<link rel=\"canonical\" href=\"https:\/\/stbede.org\/es\/\" \/>\n<meta property=\"og:locale\" content=\"es_MX\" \/>\n<meta property=\"og:type\" content=\"article\" \/>\n<meta property=\"og:title\" content=\"Home - St. Bede the Venerable Catholic Church\" \/>\n<meta property=\"og:description\" content=\"Welcome to St. Bede Catholic Church Mass Times SATURDAY VIGIL5:00 PM SUNDAY8:00 AM10:00 AM12:30 PM (Spanish)5:00 PM DAILY6:30 AM (Mon&hellip;\" \/>\n<meta property=\"og:url\" content=\"https:\/\/stbede.org\/es\/\" \/>\n<meta property=\"og:site_name\" content=\"St. Bede the Venerable Catholic Church\" \/>\n<meta property=\"article:modified_time\" content=\"2025-10-17T12:59:56+00:00\" \/>\n<meta name=\"twitter:card\" content=\"summary_large_image\" \/>\n<meta name=\"twitter:label1\" content=\"Tiempo de lectura\" \/>\n\t<meta name=\"twitter:data1\" content=\"1 minuto\" \/>\n<script type=\"application\/ld+json\" class=\"yoast-schema-graph\">{\"@context\":\"https:\/\/schema.org\",\"@graph\":[{\"@type\":\"WebPage\",\"@id\":\"https:\/\/stbede.org\/\",\"url\":\"https:\/\/stbede.org\/\",\"name\":\"Home - St. Bede the Venerable Catholic Church\",\"isPartOf\":{\"@id\":\"https:\/\/stbede.org\/es\/#website\"},\"datePublished\":\"2020-06-02T20:13:44+00:00\",\"dateModified\":\"2025-10-17T12:59:56+00:00\",\"breadcrumb\":{\"@id\":\"https:\/\/stbede.org\/#breadcrumb\"},\"inLanguage\":\"es\",\"potentialAction\":[{\"@type\":\"ReadAction\",\"target\":[\"https:\/\/stbede.org\/\"]}]},{\"@type\":\"BreadcrumbList\",\"@id\":\"https:\/\/stbede.org\/#breadcrumb\",\"itemListElement\":[{\"@type\":\"ListItem\",\"position\":1,\"name\":\"Home\",\"item\":\"https:\/\/stbede.org\/\"},{\"@type\":\"ListItem\",\"position\":2,\"name\":\"Home\"}]},{\"@type\":\"WebSite\",\"@id\":\"https:\/\/stbede.org\/es\/#website\",\"url\":\"https:\/\/stbede.org\/es\/\",\"name\":\"St. Bede the Venerable Catholic Church\",\"description\":\"3870 Atlanta Hwy, Montgomery, Alabama\",\"publisher\":{\"@id\":\"https:\/\/stbede.org\/es\/#organization\"},\"potentialAction\":[{\"@type\":\"SearchAction\",\"target\":{\"@type\":\"EntryPoint\",\"urlTemplate\":\"https:\/\/stbede.org\/es\/?s={search_term_string}\"},\"query-input\":\"required name=search_term_string\"}],\"inLanguage\":\"es\"},{\"@type\":\"Organization\",\"@id\":\"https:\/\/stbede.org\/es\/#organization\",\"name\":\"St. Bede the Venerable Catholic Church\",\"url\":\"https:\/\/stbede.org\/es\/\",\"logo\":{\"@type\":\"ImageObject\",\"inLanguage\":\"es\",\"@id\":\"https:\/\/stbede.org\/es\/#\/schema\/logo\/image\/\",\"url\":\"https:\/\/stbede.org\/wp-content\/uploads\/2025\/04\/cropped-header-shadowed.png\",\"contentUrl\":\"https:\/\/stbede.org\/wp-content\/uploads\/2025\/04\/cropped-header-shadowed.png\",\"width\":2560,\"height\":640,\"caption\":\"St. Bede the Venerable Catholic Church\"},\"image\":{\"@id\":\"https:\/\/stbede.org\/es\/#\/schema\/logo\/image\/\"}}]}<\/script>\n<!-- \/ Yoast SEO plugin. -->","yoast_head_json":{"title":"Home - St. Bede the Venerable Catholic Church","robots":{"index":"index","follow":"follow","max-snippet":"max-snippet:-1","max-image-preview":"max-image-preview:large","max-video-preview":"max-video-preview:-1"},"canonical":"https:\/\/stbede.org\/es\/","og_locale":"es_MX","og_type":"article","og_title":"Home - St. Bede the Venerable Catholic Church","og_description":"Welcome to St. Bede Catholic Church Mass Times SATURDAY VIGIL5:00 PM SUNDAY8:00 AM10:00 AM12:30 PM (Spanish)5:00 PM DAILY6:30 AM (Mon&hellip;","og_url":"https:\/\/stbede.org\/es\/","og_site_name":"St. Bede the Venerable Catholic Church","article_modified_time":"2025-10-17T12:59:56+00:00","twitter_card":"summary_large_image","twitter_misc":{"Tiempo de lectura":"1 minuto"},"schema":{"@context":"https:\/\/schema.org","@graph":[{"@type":"WebPage","@id":"https:\/\/stbede.org\/","url":"https:\/\/stbede.org\/","name":"Home - St. Bede the Venerable Catholic Church","isPartOf":{"@id":"https:\/\/stbede.org\/es\/#website"},"datePublished":"2020-06-02T20:13:44+00:00","dateModified":"2025-10-17T12:59:56+00:00","breadcrumb":{"@id":"https:\/\/stbede.org\/#breadcrumb"},"inLanguage":"es","potentialAction":[{"@type":"ReadAction","target":["https:\/\/stbede.org\/"]}]},{"@type":"BreadcrumbList","@id":"https:\/\/stbede.org\/#breadcrumb","itemListElement":[{"@type":"ListItem","position":1,"name":"Home","item":"https:\/\/stbede.org\/"},{"@type":"ListItem","position":2,"name":"Home"}]},{"@type":"WebSite","@id":"https:\/\/stbede.org\/es\/#website","url":"https:\/\/stbede.org\/es\/","name":"St. Bede the Venerable Catholic Church","description":"3870 Atlanta Hwy, Montgomery, Alabama","publisher":{"@id":"https:\/\/stbede.org\/es\/#organization"},"potentialAction":[{"@type":"SearchAction","target":{"@type":"EntryPoint","urlTemplate":"https:\/\/stbede.org\/es\/?s={search_term_string}"},"query-input":"required name=search_term_string"}],"inLanguage":"es"},{"@type":"Organization","@id":"https:\/\/stbede.org\/es\/#organization","name":"St. Bede the Venerable Catholic Church","url":"https:\/\/stbede.org\/es\/","logo":{"@type":"ImageObject","inLanguage":"es","@id":"https:\/\/stbede.org\/es\/#\/schema\/logo\/image\/","url":"https:\/\/stbede.org\/wp-content\/uploads\/2025\/04\/cropped-header-shadowed.png","contentUrl":"https:\/\/stbede.org\/wp-content\/uploads\/2025\/04\/cropped-header-shadowed.png","width":2560,"height":640,"caption":"St. Bede the Venerable Catholic Church"},"image":{"@id":"https:\/\/stbede.org\/es\/#\/schema\/logo\/image\/"}}]}},"_links":{"self":[{"href":"https:\/\/stbede.org\/es\/wp-json\/wp\/v2\/pages\/48","targetHints":{"allow":["GET"]}}],"collection":[{"href":"https:\/\/stbede.org\/es\/wp-json\/wp\/v2\/pages"}],"about":[{"href":"https:\/\/stbede.org\/es\/wp-json\/wp\/v2\/types\/page"}],"author":[{"embeddable":true,"href":"https:\/\/stbede.org\/es\/wp-json\/wp\/v2\/users\/1"}],"replies":[{"embeddable":true,"href":"https:\/\/stbede.org\/es\/wp-json\/wp\/v2\/comments?post=48"}],"version-history":[{"count":53,"href":"https:\/\/stbede.org\/es\/wp-json\/wp\/v2\/pages\/48\/revisions"}],"predecessor-version":[{"id":2317,"href":"https:\/\/stbede.org\/es\/wp-json\/wp\/v2\/pages\/48\/revisions\/2317"}],"wp:attachment":[{"href":"https:\/\/stbede.org\/es\/wp-json\/wp\/v2\/media?parent=48"}],"curies":[{"name":"wp","href":"https:\/\/api.w.org\/{rel}","templated":true}]}}