{"id":35,"date":"2020-06-02T15:11:08","date_gmt":"2020-06-02T15:11:08","guid":{"rendered":"http:\/\/proxy.acupajoe.io:8080\/?page_id=35"},"modified":"2020-06-16T11:18:32","modified_gmt":"2020-06-16T16:18:32","slug":"news","status":"publish","type":"page","link":"https:\/\/stbede.org\/es\/news\/","title":{"rendered":"News"},"content":{"rendered":"<div class=\"pt-cv-wrapper\"><div class=\"pt-cv-view pt-cv-grid pt-cv-colsys\" id=\"pt-cv-view-c8d85b63d1\"><div data-id=\"pt-cv-page-1\" class=\"pt-cv-page\" data-cvc=\"1\"><div class=\"col-md-12 col-sm-12 col-xs-12 pt-cv-content-item pt-cv-1-col\" ><div class='pt-cv-ifield'><a href=\"https:\/\/stbede.org\/es\/2026\/01\/06\/jubilee-2033\/\" class=\"_self pt-cv-href-thumbnail pt-cv-thumb-default\" target=\"_self\" ><\/a>\n<h4 class=\"pt-cv-title\"><a href=\"https:\/\/stbede.org\/es\/2026\/01\/06\/jubilee-2033\/\" class=\"_self\" target=\"_self\" >Jubilee 2033<\/a><\/h4>\n<div class=\"pt-cv-content\">\n<figure class=\"wp-block-image size-large\"><img loading=\"lazy\" decoding=\"async\" width=\"819\" height=\"1024\" src=\"https:\/\/stbede.org\/wp-content\/uploads\/2026\/01\/2033-819x1024.png\" alt=\"\" class=\"wp-image-2330\" srcset=\"https:\/\/stbede.org\/wp-content\/uploads\/2026\/01\/2033-819x1024.png 819w, https:\/\/stbede.org\/wp-content\/uploads\/2026\/01\/2033-240x300.png 240w, https:\/\/stbede.org\/wp-content\/uploads\/2026\/01\/2033-768x960.png 768w, https:\/\/stbede.org\/wp-content\/uploads\/2026\/01\/2033-1228x1536.png 1228w, https:\/\/stbede.org\/wp-content\/uploads\/2026\/01\/2033-10x12.png 10w, https:\/\/stbede.org\/wp-content\/uploads\/2026\/01\/2033.png 1350w\" sizes=\"auto, (max-width: 819px) 100vw, 819px\" \/><\/figure>\n<\/div>\n<div class=\"pt-cv-meta-fields\"><span class=\"entry-date\"> <time datetime=\"2026-01-06T16:03:25-06:00\">enero 6, 2026<\/time><\/span><span> \/ <\/span><span class=\"terms\"> <a href='https:\/\/stbede.org\/es\/category\/general\/' title='General' class='pt-cv-tax-general'>General<\/a><\/span><\/div><\/div><\/div>\n<div class=\"col-md-12 col-sm-12 col-xs-12 pt-cv-content-item pt-cv-1-col\" ><div class='pt-cv-ifield'><a href=\"https:\/\/stbede.org\/es\/2025\/06\/04\/eucharistic-adoration\/\" class=\"_self pt-cv-href-thumbnail pt-cv-thumb-default\" target=\"_self\" ><\/a>\n<h4 class=\"pt-cv-title\"><a href=\"https:\/\/stbede.org\/es\/2025\/06\/04\/eucharistic-adoration\/\" class=\"_self\" target=\"_self\" >Eucharistic Adoration<\/a><\/h4>\n<div class=\"pt-cv-content\">\n<figure class=\"wp-block-image is-resized\"><a href=\"https:\/\/www.signupgenius.com\/go\/10C0D45ABAF2BA7FDC61-59310766-eucharistic#\/\"><img loading=\"lazy\" decoding=\"async\" width=\"1024\" height=\"576\" src=\"https:\/\/stbede.org\/wp-content\/uploads\/2020\/12\/SAM_6267-1024x576.jpg\" alt=\"\" class=\"wp-image-1068\" style=\"width:640px;height:360px\" srcset=\"https:\/\/stbede.org\/wp-content\/uploads\/2020\/12\/SAM_6267-1024x576.jpg 1024w, https:\/\/stbede.org\/wp-content\/uploads\/2020\/12\/SAM_6267-300x169.jpg 300w, https:\/\/stbede.org\/wp-content\/uploads\/2020\/12\/SAM_6267-768x432.jpg 768w, https:\/\/stbede.org\/wp-content\/uploads\/2020\/12\/SAM_6267-1536x864.jpg 1536w\" sizes=\"auto, (max-width: 1024px) 100vw, 1024px\" \/><\/a><figcaption class=\"wp-element-caption\">Tuesday &#8211; Thursday 4:00 pm &#8211; 6:00 pm<br \/>Adorers are needed every 30 minutes <br \/><strong><a href=\"https:\/\/www.signupgenius.com\/go\/10c0d45abaf2ba7fdc61-eucharistic1\" target=\"_blank\" rel=\"noreferrer noopener\">Eucharistic Adoration 2 Sign up<\/a><\/strong> (until July 2023)<br \/><strong><a href=\"https:\/\/www.signupgenius.com\/go\/10c0d45abaf2ba7fdc61-eucharistic2#\/\" target=\"_blank\" rel=\"noreferrer noopener\"><mark style=\"background-color:#ffffff\" class=\"has-inline-color has-primary-color\">Eucharistic Adoration 3 Sign Up<\/mark><\/a><\/strong><mark style=\"background-color:#ffffff\" class=\"has-inline-color has-quinary-color\"><\/mark>(until October 16, 2025)<br \/><strong><mark style=\"background-color:#ecb931\" class=\"has-inline-color\"><a href=\"https:\/\/www.signupgenius.com\/go\/10C0D45ABAF2BA7FDC61-59310766-eucharistic#\/\" target=\"_blank\" rel=\"noreferrer noopener\">Eucharistic Adora<\/a><a href=\"https:\/\/www.signupgenius.com\/go\/10C0D45ABAF2BA7FDC61-59310766-eucharistic\" target=\"_blank\" rel=\"noreferrer noopener\">tion 4 Sign Up<\/a><\/mark><\/strong><mark style=\"background-color:#ecb931\" class=\"has-inline-color\"><\/mark>(beginning October 21, 2025)<br \/><\/figcaption><\/figure>\n\n\n\n<div class=\"wp-block-buttons is-layout-flex wp-block-buttons-is-layout-flex\"><\/div>\n\n\n\n<p><\/p>\n<\/div>\n<div class=\"pt-cv-meta-fields\"><span class=\"entry-date\"> <time datetime=\"2025-06-04T08:44:52-05:00\">junio 4, 2025<\/time><\/span><span> \/ <\/span><span class=\"terms\"> <a href='https:\/\/stbede.org\/es\/category\/general\/' title='General' class='pt-cv-tax-general'>General<\/a><\/span><\/div><\/div><\/div>\n<div class=\"col-md-12 col-sm-12 col-xs-12 pt-cv-content-item pt-cv-1-col\" ><div class='pt-cv-ifield'><a href=\"https:\/\/stbede.org\/es\/2023\/09\/27\/generations-of-faith-update\/\" class=\"_self pt-cv-href-thumbnail pt-cv-thumb-default\" target=\"_self\" ><\/a>\n<h4 class=\"pt-cv-title\"><a href=\"https:\/\/stbede.org\/es\/2023\/09\/27\/generations-of-faith-update\/\" class=\"_self\" target=\"_self\" >Generations of Faith Update\/Actualizaci\u00f3n Generations of Faith<\/a><\/h4>\n<div class=\"pt-cv-content\">\n<figure class=\"wp-block-gallery has-nested-images columns-default is-cropped wp-block-gallery-1 is-layout-flex wp-block-gallery-is-layout-flex\">\n<figure class=\"wp-block-image size-large\"><img loading=\"lazy\" decoding=\"async\" width=\"791\" height=\"1024\" data-id=\"1991\" src=\"https:\/\/stbede.org\/wp-content\/uploads\/2023\/09\/Flyer-for-Gen-of-Faith-8.31.23-edited-1-791x1024.jpg\" alt=\"\" class=\"wp-image-1991\"\/><\/figure>\n<\/figure>\n\n\n\n<p>Dear Parishioners,<\/p>\n\n\n\n<p>In 2019, before the CoViD Pandemic began, we completed our&nbsp;<strong>Generations of Faith Campaign<\/strong>! It was a great accomplishment on the part of our Parish. St Bede the Venerable Parish pledged nearly double the $1.1 million dollar goal we were asked to achieve.&nbsp;Since our pledges paid exceeded our goal, we are now receiving 80% of every gift paid towards our pledges beyond the goal.&nbsp;During the Campaign we proposed to accomplish 6 projects with the funds that benefit the parish. Thus far, we have accomplished 5 of those six projects as depicted in the photo collage. What remains are new signs for the Church and entrance to the property at Perry Hill Rd. I would like to encourage you to please continue to fulfill your pledges! Many of you have already fulfilled your pledges! Thank you so, so much. I have not. It was a sacrifice for all of us to make a pledge to the Generations of Faith Campaign and, for me. It will take the full five years to fulfill my pledge. This is true for many of you as well. I am so grateful to all of you who made pledges of all amounts to&nbsp;<strong>Generations of Faith<\/strong>.&nbsp;I was the director of the&nbsp;<strong>Seminarian Formation Endowment<\/strong>&nbsp;and can report that it was nearing $7 million as of a few months ago and is already disbursing funds to help in the annual costs for seminarian education. Our youth group has received $6000 from the <strong>Youth Ministry Endowment.&nbsp;<\/strong>As of August 2023, St. Bede Parish had redeemed $1.55 million dollars of pledges made or about 70% of total pledged! Thank you for your generosity. Let us finish the race well and fulfill the pledges we all made! May God be praised for your sacrificial support! May God continue to bless and protect us always and lead us to heaven!&nbsp;<\/p>\n\n\n\n<p>Fr. Alejandro Valladares, Pastor &nbsp;<\/p>\n\n\n\n<p>Estimados feligreses,<\/p>\n\n\n\n<p>\u00a1En 2019, antes de que comenzara la pandemia de CoViD, completamos nuestra Campa\u00f1a Generaciones de Fe! Fue un gran logro por parte de nuestra parroquia. La parroquia de &nbsp;St. Bede el Venerable prometi\u00f3 casi el doble de la meta de $ 1.1 millones de d\u00f3lares que se nos pidi\u00f3 que logr\u00e1ramos.&nbsp;Dado que nuestras promesas pagadas excedieron nuestra meta, ahora estamos recibiendo el 80% de cada regalo pagado para nuestras promesas m\u00e1s all\u00e1 de la meta.&nbsp;Durante la Campa\u00f1a nos propusimos realizar 6 proyectos con los fondos que benefician a la parroquia. Hasta ahora hemos logrado 5 de los seis proyectos como se muestra en el collage de fotos. &nbsp;Lo que falta son nuevos letreros para la Iglesia y la entrada a la propiedad en Perry Hill Rd. \u00a1Me gustar\u00eda animarlos a que contin\u00faen cumpliendo sus promesas! \u00a1Muchos de ustedes ya han cumplido sus promesas! Much\u00edsimas gracias. Yo no lo he hecho. Fue un sacrificio para todos nosotros hacer una promesa a la Campa\u00f1a Generaciones de Fe y, para m\u00ed, tomar\u00e1 los cinco a\u00f1os completos para cumplir mi promesa. Esto es cierto para muchos de ustedes tambi\u00e9n. Estoy muy agradecido con&nbsp; todos ustedes que hicieron promesas de todas las cantidades a <strong>Generaciones de Fe<\/strong>. Yo era el director de la <strong>Fundaci\u00f3n de Formaci\u00f3n de Seminaristas y <\/strong>puedo reportar que se acercaba a los $ 7 millones a partir de hace unos meses y ya est\u00e1 desembolsando fondos para ayudar en los costos anuales de la educaci\u00f3n de los seminaristas. Nuestro grupo de j\u00f3venes ha recibido $6000 de la Fundaci\u00f3n del <strong>Ministerio Juvenil. <\/strong>\u00a1A partir de agosto de 2023, la parroquia de St. Bede ha redimido $1.55 millones de d\u00f3lares de promesas hechas o aproximadamente el 70% del total prometido! Gracias por su generosidad. \u00a1Terminemos bien la carrera y cumplamos las promesas que todos hicimos! \u00a1Alabado sea Dios por su apoyo sacrificial! \u00a1Que Dios nos siga bendiciendo y protegiendo siempre y nos conduzca al cielo!&nbsp;<\/p>\n\n\n\n<p>P. Alejandro Valladares, P\u00e1rroco<\/p>\n<\/div>\n<div class=\"pt-cv-meta-fields\"><span class=\"entry-date\"> <time datetime=\"2023-09-27T14:27:00-05:00\">septiembre 27, 2023<\/time><\/span><span> \/ <\/span><span class=\"terms\"> <a href='https:\/\/stbede.org\/es\/category\/general\/' title='General' class='pt-cv-tax-general'>General<\/a><\/span><\/div><\/div><\/div>\n<div class=\"col-md-12 col-sm-12 col-xs-12 pt-cv-content-item pt-cv-1-col\" ><div class='pt-cv-ifield'><a href=\"https:\/\/stbede.org\/es\/2017\/06\/16\/parishioner-update\/\" class=\"_self pt-cv-href-thumbnail pt-cv-thumb-default\" target=\"_self\" ><\/a>\n<h4 class=\"pt-cv-title\"><a href=\"https:\/\/stbede.org\/es\/2017\/06\/16\/parishioner-update\/\" class=\"_self\" target=\"_self\" >PARISHIONER UPDATE<\/a><\/h4>\n<div class=\"pt-cv-content\"><p>I am petitioning once again all parishioners to please update their contact information for our files, I especially ask you for an email address, phone number and residence address. This facilitates my ability to contact you and visit you most especially at a time you will need a priest. We do not give out information to any institutions or persons. &#8230;&#8230;.read more<\/p>\n<\/div>\n<div class=\"pt-cv-meta-fields\"><span class=\"entry-date\"> <time datetime=\"2017-06-16T05:00:00-05:00\">junio 16, 2017<\/time><\/span><span> \/ <\/span><span class=\"terms\"> <a href='https:\/\/stbede.org\/es\/category\/general\/' title='General' class='pt-cv-tax-general'>General<\/a><\/span><\/div><\/div><\/div><\/div><\/div><\/div>","protected":false},"excerpt":{"rendered":"","protected":false},"author":1,"featured_media":0,"parent":0,"menu_order":0,"comment_status":"closed","ping_status":"closed","template":"","meta":{"footnotes":""},"class_list":["post-35","page","type-page","status-publish","hentry"],"yoast_head":"<!-- This site is optimized with the Yoast SEO plugin v23.1 - https:\/\/yoast.com\/wordpress\/plugins\/seo\/ -->\n<title>News - St. Bede the Venerable Catholic Church<\/title>\n<meta name=\"robots\" content=\"index, follow, max-snippet:-1, max-image-preview:large, max-video-preview:-1\" \/>\n<link rel=\"canonical\" href=\"https:\/\/stbede.org\/es\/news\/\" \/>\n<meta property=\"og:locale\" content=\"es_MX\" \/>\n<meta property=\"og:type\" content=\"article\" \/>\n<meta property=\"og:title\" content=\"News - St. Bede the Venerable Catholic Church\" \/>\n<meta property=\"og:url\" content=\"https:\/\/stbede.org\/es\/news\/\" \/>\n<meta property=\"og:site_name\" content=\"St. Bede the Venerable Catholic Church\" \/>\n<meta property=\"article:modified_time\" content=\"2020-06-16T16:18:32+00:00\" \/>\n<meta name=\"twitter:card\" content=\"summary_large_image\" \/>\n<script type=\"application\/ld+json\" class=\"yoast-schema-graph\">{\"@context\":\"https:\/\/schema.org\",\"@graph\":[{\"@type\":\"WebPage\",\"@id\":\"https:\/\/stbede.org\/news\/\",\"url\":\"https:\/\/stbede.org\/news\/\",\"name\":\"News - St. Bede the Venerable Catholic Church\",\"isPartOf\":{\"@id\":\"https:\/\/stbede.org\/es\/#website\"},\"datePublished\":\"2020-06-02T15:11:08+00:00\",\"dateModified\":\"2020-06-16T16:18:32+00:00\",\"breadcrumb\":{\"@id\":\"https:\/\/stbede.org\/news\/#breadcrumb\"},\"inLanguage\":\"es\",\"potentialAction\":[{\"@type\":\"ReadAction\",\"target\":[\"https:\/\/stbede.org\/news\/\"]}]},{\"@type\":\"BreadcrumbList\",\"@id\":\"https:\/\/stbede.org\/news\/#breadcrumb\",\"itemListElement\":[{\"@type\":\"ListItem\",\"position\":1,\"name\":\"Home\",\"item\":\"https:\/\/stbede.org\/\"},{\"@type\":\"ListItem\",\"position\":2,\"name\":\"News\"}]},{\"@type\":\"WebSite\",\"@id\":\"https:\/\/stbede.org\/es\/#website\",\"url\":\"https:\/\/stbede.org\/es\/\",\"name\":\"St. Bede the Venerable Catholic Church\",\"description\":\"3870 Atlanta Hwy, Montgomery, Alabama\",\"publisher\":{\"@id\":\"https:\/\/stbede.org\/es\/#organization\"},\"potentialAction\":[{\"@type\":\"SearchAction\",\"target\":{\"@type\":\"EntryPoint\",\"urlTemplate\":\"https:\/\/stbede.org\/es\/?s={search_term_string}\"},\"query-input\":\"required name=search_term_string\"}],\"inLanguage\":\"es\"},{\"@type\":\"Organization\",\"@id\":\"https:\/\/stbede.org\/es\/#organization\",\"name\":\"St. Bede the Venerable Catholic Church\",\"url\":\"https:\/\/stbede.org\/es\/\",\"logo\":{\"@type\":\"ImageObject\",\"inLanguage\":\"es\",\"@id\":\"https:\/\/stbede.org\/es\/#\/schema\/logo\/image\/\",\"url\":\"https:\/\/stbede.org\/wp-content\/uploads\/2025\/04\/cropped-header-shadowed.png\",\"contentUrl\":\"https:\/\/stbede.org\/wp-content\/uploads\/2025\/04\/cropped-header-shadowed.png\",\"width\":2560,\"height\":640,\"caption\":\"St. Bede the Venerable Catholic Church\"},\"image\":{\"@id\":\"https:\/\/stbede.org\/es\/#\/schema\/logo\/image\/\"}}]}<\/script>\n<!-- \/ Yoast SEO plugin. -->","yoast_head_json":{"title":"News - St. Bede the Venerable Catholic Church","robots":{"index":"index","follow":"follow","max-snippet":"max-snippet:-1","max-image-preview":"max-image-preview:large","max-video-preview":"max-video-preview:-1"},"canonical":"https:\/\/stbede.org\/es\/news\/","og_locale":"es_MX","og_type":"article","og_title":"News - St. Bede the Venerable Catholic Church","og_url":"https:\/\/stbede.org\/es\/news\/","og_site_name":"St. Bede the Venerable Catholic Church","article_modified_time":"2020-06-16T16:18:32+00:00","twitter_card":"summary_large_image","schema":{"@context":"https:\/\/schema.org","@graph":[{"@type":"WebPage","@id":"https:\/\/stbede.org\/news\/","url":"https:\/\/stbede.org\/news\/","name":"News - St. Bede the Venerable Catholic Church","isPartOf":{"@id":"https:\/\/stbede.org\/es\/#website"},"datePublished":"2020-06-02T15:11:08+00:00","dateModified":"2020-06-16T16:18:32+00:00","breadcrumb":{"@id":"https:\/\/stbede.org\/news\/#breadcrumb"},"inLanguage":"es","potentialAction":[{"@type":"ReadAction","target":["https:\/\/stbede.org\/news\/"]}]},{"@type":"BreadcrumbList","@id":"https:\/\/stbede.org\/news\/#breadcrumb","itemListElement":[{"@type":"ListItem","position":1,"name":"Home","item":"https:\/\/stbede.org\/"},{"@type":"ListItem","position":2,"name":"News"}]},{"@type":"WebSite","@id":"https:\/\/stbede.org\/es\/#website","url":"https:\/\/stbede.org\/es\/","name":"St. Bede the Venerable Catholic Church","description":"3870 Atlanta Hwy, Montgomery, Alabama","publisher":{"@id":"https:\/\/stbede.org\/es\/#organization"},"potentialAction":[{"@type":"SearchAction","target":{"@type":"EntryPoint","urlTemplate":"https:\/\/stbede.org\/es\/?s={search_term_string}"},"query-input":"required name=search_term_string"}],"inLanguage":"es"},{"@type":"Organization","@id":"https:\/\/stbede.org\/es\/#organization","name":"St. Bede the Venerable Catholic Church","url":"https:\/\/stbede.org\/es\/","logo":{"@type":"ImageObject","inLanguage":"es","@id":"https:\/\/stbede.org\/es\/#\/schema\/logo\/image\/","url":"https:\/\/stbede.org\/wp-content\/uploads\/2025\/04\/cropped-header-shadowed.png","contentUrl":"https:\/\/stbede.org\/wp-content\/uploads\/2025\/04\/cropped-header-shadowed.png","width":2560,"height":640,"caption":"St. Bede the Venerable Catholic Church"},"image":{"@id":"https:\/\/stbede.org\/es\/#\/schema\/logo\/image\/"}}]}},"_links":{"self":[{"href":"https:\/\/stbede.org\/es\/wp-json\/wp\/v2\/pages\/35","targetHints":{"allow":["GET"]}}],"collection":[{"href":"https:\/\/stbede.org\/es\/wp-json\/wp\/v2\/pages"}],"about":[{"href":"https:\/\/stbede.org\/es\/wp-json\/wp\/v2\/types\/page"}],"author":[{"embeddable":true,"href":"https:\/\/stbede.org\/es\/wp-json\/wp\/v2\/users\/1"}],"replies":[{"embeddable":true,"href":"https:\/\/stbede.org\/es\/wp-json\/wp\/v2\/comments?post=35"}],"version-history":[{"count":2,"href":"https:\/\/stbede.org\/es\/wp-json\/wp\/v2\/pages\/35\/revisions"}],"predecessor-version":[{"id":783,"href":"https:\/\/stbede.org\/es\/wp-json\/wp\/v2\/pages\/35\/revisions\/783"}],"wp:attachment":[{"href":"https:\/\/stbede.org\/es\/wp-json\/wp\/v2\/media?parent=35"}],"curies":[{"name":"wp","href":"https:\/\/api.w.org\/{rel}","templated":true}]}}