{"id":27,"date":"2020-06-02T15:09:59","date_gmt":"2020-06-02T15:09:59","guid":{"rendered":"http:\/\/proxy.acupajoe.io:8080\/?page_id=27"},"modified":"2025-07-15T15:29:22","modified_gmt":"2025-07-15T20:29:22","slug":"sacraments","status":"publish","type":"page","link":"https:\/\/stbede.org\/es\/sacraments\/","title":{"rendered":"Informaci\u00f3n Sacramentos"},"content":{"rendered":"<h3 class=\"wp-block-heading\"><strong>Bautismos en Espa\u00f1ol<\/strong><\/h3>\n\n\n\n<p>To have your child baptized, contact the Parish Office at 272-3463 for Baptism Preparation class. &nbsp;<br><strong><em>Please read the requirements for Baptism below<\/em><\/strong>.<\/p>\n\n\n\n<h3 class=\"wp-block-heading\"><strong>Unci\u00f3n de los enfermos<\/strong><\/h3>\n\n\n\n<p>&nbsp;Contact a priest or the Parish office when someone is seriously ill, in the hospital or undergoing surgery. &nbsp;After office hours and for sacramental emergencies (near death), please call<a href=\"tel:251-599-3523\"> (251) 599-3523.<\/a><\/p>\n\n\n\n<h3 class=\"wp-block-heading\">Matrimonio<\/h3>\n\n\n\n<p>Contacte al sacerdote o di\u00e1cono con un m\u00ednimo de seis (6) meses antes de la fecha de la boda para la preparaci\u00f3n.<\/p>\n\n\n\n<h3 class=\"wp-block-heading translation-block\"><strong>Confesiones<\/strong> (en la Iglesia)<\/h3>\n\n\n\n<p class=\"translation-block\"><strong>S\u00e1bado<\/strong> desde 4:00-4:45pm; <strong>Domingo<\/strong> 7:45-8:15am, 9:15-9:45am, 11:45-12:15pm, 4:15-4:45pm<\/p>\n\n\n\n<p class=\"translation-block\"><span \/><\/p>\n\n\n\n<p class=\"translation-block\"><span \/><\/p>\n\n\n\n<h3 class=\"wp-block-heading\">Primera Confesi\u00f3n y Primera Comuni\u00f3n<\/h3>\n\n\n\n<p>The Archdiocese of Mobile requires a two-year sacramental preparation program for children who are ready for sacraments. \u00a0To receive First Holy Communion in 2026, children must have enrolled at Montgomery Catholic Preparatory School or in a parish program in 2025 &#8211; 2026. \u00a0Without prior preparation, children will need to enroll in classes for the initial year of the two-year process.<\/p>\n\n\n\n<h3 class=\"wp-block-heading\"><strong>Confirmaci\u00f3n<\/strong><\/h3>\n\n\n\n<p>Ser\u00e1 celebrada para estudiantes que son juniors o seniors en la escuela superior.  Siguiendo las gu\u00edas de la Arquidi\u00f3cesis de Mobile, se recomienda una preparaci\u00f3n para el sacramento de un programa de dos (2) a\u00f1os.  Los estudiantes que son nuevos a la parroquia y que estan cursando el grado 11 o el grado 12 y estan interesados en recibir el sacramento, deben llamar a la Oficina al <a href=\"tel:334-272-3463\">334-272-3463<\/a>.<\/p>\n\n\n\n<h3 class=\"wp-block-heading\"><strong>Requirements for Baptism<\/strong><\/h3>\n\n\n\n<ol class=\"wp-block-list .no-margin\">\n<li>All parents must participate in the Baptism Preparation class. Call the Parish office at (334) 272 3463 for the next scheduled class.\u00a0<\/li>\n\n\n\n<li>Children age 7 and younger will receive the sacrament of Baptism. \u00a0*From age 8 and above, they will receive the three Sacraments of Initiation (Baptism, First Communion and Confirmation) and must participate in Catechism classes. \u00a0<br>*\u00a0<em><strong>Please read guidelines for enrolling in Religious Education (RE) classes below.<\/strong><\/em><\/li>\n\n\n\n<li>Godparents must be practicing Catholics and they must present a document from their parish indicating they are Catholics in good standing (cf.874).<\/li>\n\n\n\n<li>Baptisms are scheduled according to need and availability of priests, deacon and Church.<\/li>\n<\/ol>\n\n\n\n<h3 class=\"wp-block-heading\"><strong>*Guideline for enrolling in Religious Education (RE) classes<\/strong><\/h3>\n\n\n\n<ol class=\"wp-block-list\">\n<li>Children ages 8 and older that have not been baptized will be in a class to prepare them to receive the Sacraments of Initiation (Baptism, Holy Communion and Confirmation). \u00a0Call the parish office (334) 272-3463 for more information.<\/li>\n<\/ol>","protected":false},"excerpt":{"rendered":"<p>Baptism To have your child baptized, contact the Parish Office at 272-3463 for Baptism Preparation class. &nbsp;Please read the requirements&hellip;<\/p>","protected":false},"author":1,"featured_media":0,"parent":0,"menu_order":0,"comment_status":"closed","ping_status":"closed","template":"","meta":{"footnotes":""},"class_list":["post-27","page","type-page","status-publish","hentry"],"yoast_head":"<!-- This site is optimized with the Yoast SEO plugin v23.1 - https:\/\/yoast.com\/wordpress\/plugins\/seo\/ -->\n<title>Sacraments - St. Bede the Venerable Catholic Church<\/title>\n<meta name=\"robots\" content=\"index, follow, max-snippet:-1, max-image-preview:large, max-video-preview:-1\" \/>\n<link rel=\"canonical\" href=\"https:\/\/stbede.org\/es\/sacraments\/\" \/>\n<meta property=\"og:locale\" content=\"es_MX\" \/>\n<meta property=\"og:type\" content=\"article\" \/>\n<meta property=\"og:title\" content=\"Sacraments - St. Bede the Venerable Catholic Church\" \/>\n<meta property=\"og:description\" content=\"Baptism To have your child baptized, contact the Parish Office at 272-3463 for Baptism Preparation class. &nbsp;Please read the requirements&hellip;\" \/>\n<meta property=\"og:url\" content=\"https:\/\/stbede.org\/es\/sacraments\/\" \/>\n<meta property=\"og:site_name\" content=\"St. Bede the Venerable Catholic Church\" \/>\n<meta property=\"article:modified_time\" content=\"2025-07-15T20:29:22+00:00\" \/>\n<meta name=\"twitter:card\" content=\"summary_large_image\" \/>\n<meta name=\"twitter:label1\" content=\"Tiempo de lectura\" \/>\n\t<meta name=\"twitter:data1\" content=\"2 minutos\" \/>\n<script type=\"application\/ld+json\" class=\"yoast-schema-graph\">{\"@context\":\"https:\/\/schema.org\",\"@graph\":[{\"@type\":\"WebPage\",\"@id\":\"https:\/\/stbede.org\/sacraments\/\",\"url\":\"https:\/\/stbede.org\/sacraments\/\",\"name\":\"Sacraments - St. Bede the Venerable Catholic Church\",\"isPartOf\":{\"@id\":\"https:\/\/stbede.org\/es\/#website\"},\"datePublished\":\"2020-06-02T15:09:59+00:00\",\"dateModified\":\"2025-07-15T20:29:22+00:00\",\"breadcrumb\":{\"@id\":\"https:\/\/stbede.org\/sacraments\/#breadcrumb\"},\"inLanguage\":\"es\",\"potentialAction\":[{\"@type\":\"ReadAction\",\"target\":[\"https:\/\/stbede.org\/sacraments\/\"]}]},{\"@type\":\"BreadcrumbList\",\"@id\":\"https:\/\/stbede.org\/sacraments\/#breadcrumb\",\"itemListElement\":[{\"@type\":\"ListItem\",\"position\":1,\"name\":\"Home\",\"item\":\"https:\/\/stbede.org\/\"},{\"@type\":\"ListItem\",\"position\":2,\"name\":\"Sacraments\"}]},{\"@type\":\"WebSite\",\"@id\":\"https:\/\/stbede.org\/es\/#website\",\"url\":\"https:\/\/stbede.org\/es\/\",\"name\":\"St. Bede the Venerable Catholic Church\",\"description\":\"3870 Atlanta Hwy, Montgomery, Alabama\",\"publisher\":{\"@id\":\"https:\/\/stbede.org\/es\/#organization\"},\"potentialAction\":[{\"@type\":\"SearchAction\",\"target\":{\"@type\":\"EntryPoint\",\"urlTemplate\":\"https:\/\/stbede.org\/es\/?s={search_term_string}\"},\"query-input\":\"required name=search_term_string\"}],\"inLanguage\":\"es\"},{\"@type\":\"Organization\",\"@id\":\"https:\/\/stbede.org\/es\/#organization\",\"name\":\"St. Bede the Venerable Catholic Church\",\"url\":\"https:\/\/stbede.org\/es\/\",\"logo\":{\"@type\":\"ImageObject\",\"inLanguage\":\"es\",\"@id\":\"https:\/\/stbede.org\/es\/#\/schema\/logo\/image\/\",\"url\":\"https:\/\/stbede.org\/wp-content\/uploads\/2025\/04\/cropped-header-shadowed.png\",\"contentUrl\":\"https:\/\/stbede.org\/wp-content\/uploads\/2025\/04\/cropped-header-shadowed.png\",\"width\":2560,\"height\":640,\"caption\":\"St. Bede the Venerable Catholic Church\"},\"image\":{\"@id\":\"https:\/\/stbede.org\/es\/#\/schema\/logo\/image\/\"}}]}<\/script>\n<!-- \/ Yoast SEO plugin. -->","yoast_head_json":{"title":"Sacraments - St. Bede the Venerable Catholic Church","robots":{"index":"index","follow":"follow","max-snippet":"max-snippet:-1","max-image-preview":"max-image-preview:large","max-video-preview":"max-video-preview:-1"},"canonical":"https:\/\/stbede.org\/es\/sacraments\/","og_locale":"es_MX","og_type":"article","og_title":"Sacraments - St. Bede the Venerable Catholic Church","og_description":"Baptism To have your child baptized, contact the Parish Office at 272-3463 for Baptism Preparation class. &nbsp;Please read the requirements&hellip;","og_url":"https:\/\/stbede.org\/es\/sacraments\/","og_site_name":"St. Bede the Venerable Catholic Church","article_modified_time":"2025-07-15T20:29:22+00:00","twitter_card":"summary_large_image","twitter_misc":{"Tiempo de lectura":"2 minutos"},"schema":{"@context":"https:\/\/schema.org","@graph":[{"@type":"WebPage","@id":"https:\/\/stbede.org\/sacraments\/","url":"https:\/\/stbede.org\/sacraments\/","name":"Sacraments - St. Bede the Venerable Catholic Church","isPartOf":{"@id":"https:\/\/stbede.org\/es\/#website"},"datePublished":"2020-06-02T15:09:59+00:00","dateModified":"2025-07-15T20:29:22+00:00","breadcrumb":{"@id":"https:\/\/stbede.org\/sacraments\/#breadcrumb"},"inLanguage":"es","potentialAction":[{"@type":"ReadAction","target":["https:\/\/stbede.org\/sacraments\/"]}]},{"@type":"BreadcrumbList","@id":"https:\/\/stbede.org\/sacraments\/#breadcrumb","itemListElement":[{"@type":"ListItem","position":1,"name":"Home","item":"https:\/\/stbede.org\/"},{"@type":"ListItem","position":2,"name":"Sacraments"}]},{"@type":"WebSite","@id":"https:\/\/stbede.org\/es\/#website","url":"https:\/\/stbede.org\/es\/","name":"St. Bede the Venerable Catholic Church","description":"3870 Atlanta Hwy, Montgomery, Alabama","publisher":{"@id":"https:\/\/stbede.org\/es\/#organization"},"potentialAction":[{"@type":"SearchAction","target":{"@type":"EntryPoint","urlTemplate":"https:\/\/stbede.org\/es\/?s={search_term_string}"},"query-input":"required name=search_term_string"}],"inLanguage":"es"},{"@type":"Organization","@id":"https:\/\/stbede.org\/es\/#organization","name":"St. Bede the Venerable Catholic Church","url":"https:\/\/stbede.org\/es\/","logo":{"@type":"ImageObject","inLanguage":"es","@id":"https:\/\/stbede.org\/es\/#\/schema\/logo\/image\/","url":"https:\/\/stbede.org\/wp-content\/uploads\/2025\/04\/cropped-header-shadowed.png","contentUrl":"https:\/\/stbede.org\/wp-content\/uploads\/2025\/04\/cropped-header-shadowed.png","width":2560,"height":640,"caption":"St. Bede the Venerable Catholic Church"},"image":{"@id":"https:\/\/stbede.org\/es\/#\/schema\/logo\/image\/"}}]}},"_links":{"self":[{"href":"https:\/\/stbede.org\/es\/wp-json\/wp\/v2\/pages\/27","targetHints":{"allow":["GET"]}}],"collection":[{"href":"https:\/\/stbede.org\/es\/wp-json\/wp\/v2\/pages"}],"about":[{"href":"https:\/\/stbede.org\/es\/wp-json\/wp\/v2\/types\/page"}],"author":[{"embeddable":true,"href":"https:\/\/stbede.org\/es\/wp-json\/wp\/v2\/users\/1"}],"replies":[{"embeddable":true,"href":"https:\/\/stbede.org\/es\/wp-json\/wp\/v2\/comments?post=27"}],"version-history":[{"count":11,"href":"https:\/\/stbede.org\/es\/wp-json\/wp\/v2\/pages\/27\/revisions"}],"predecessor-version":[{"id":2292,"href":"https:\/\/stbede.org\/es\/wp-json\/wp\/v2\/pages\/27\/revisions\/2292"}],"wp:attachment":[{"href":"https:\/\/stbede.org\/es\/wp-json\/wp\/v2\/media?parent=27"}],"curies":[{"name":"wp","href":"https:\/\/api.w.org\/{rel}","templated":true}]}}